{"id":17995,"date":"2023-09-13T12:21:25","date_gmt":"2023-09-13T10:21:25","guid":{"rendered":"https:\/\/majedouali.mediatd.com\/presentation\/"},"modified":"2024-02-14T13:57:30","modified_gmt":"2024-02-14T12:57:30","slug":"presentation","status":"publish","type":"page","link":"https:\/\/www.majed-ouali.tn\/en\/presentation\/","title":{"rendered":"Presentation"},"content":{"rendered":"\t\t<div data-elementor-type=\"wp-page\" data-elementor-id=\"17995\" class=\"elementor elementor-17995\">\n\t\t\t\t\t\t\t\t\t<section class=\"wd-negative-gap elementor-section elementor-top-section elementor-element elementor-element-1f8fd99f elementor-section-content-middle elementor-section-boxed elementor-section-height-default elementor-section-height-default wd-section-disabled\" data-id=\"1f8fd99f\" data-element_type=\"section\">\n\t\t\t\t\t\t<div class=\"elementor-container elementor-column-gap-default\">\n\t\t\t\t\t<div class=\"elementor-column elementor-col-50 elementor-top-column elementor-element elementor-element-39cac22f\" data-id=\"39cac22f\" data-element_type=\"column\">\n\t\t\t<div class=\"elementor-widget-wrap elementor-element-populated\">\n\t\t\t\t\t\t\t\t<section class=\"wd-negative-gap elementor-section elementor-inner-section elementor-element elementor-element-2ed2aadb elementor-section-boxed elementor-section-height-default elementor-section-height-default wd-section-disabled\" data-id=\"2ed2aadb\" data-element_type=\"section\">\n\t\t\t\t\t\t<div class=\"elementor-container elementor-column-gap-extended\">\n\t\t\t\t\t<div class=\"elementor-column elementor-col-50 elementor-inner-column elementor-element elementor-element-6e7e5a3a\" data-id=\"6e7e5a3a\" data-element_type=\"column\">\n\t\t\t<div class=\"elementor-widget-wrap elementor-element-populated\">\n\t\t\t\t\t\t\t\t<div class=\"elementor-element elementor-element-422ee39b elementor-widget elementor-widget-wd_image_or_svg\" data-id=\"422ee39b\" data-element_type=\"widget\" data-widget_type=\"wd_image_or_svg.default\">\n\t\t\t\t<div class=\"elementor-widget-container\">\n\t\t\t\n\t\t<div class=\"wd-image text-left\">\n\t\t\t\t\t\t\t\t<img loading=\"lazy\" decoding=\"async\" width=\"400\" height=\"600\" src=\"https:\/\/www.majed-ouali.tn\/wp-content\/uploads\/2023\/09\/0122.png\" class=\"attachment-full size-full wp-image-16501\" alt=\"\" srcset=\"https:\/\/www.majed-ouali.tn\/wp-content\/uploads\/2023\/09\/0122.png 400w, https:\/\/www.majed-ouali.tn\/wp-content\/uploads\/2023\/09\/0122-150x225.png 150w, https:\/\/www.majed-ouali.tn\/wp-content\/uploads\/2023\/09\/0122-200x300.png 200w\" sizes=\"auto, (max-width: 400px) 100vw, 400px\" \/>\t\t\t\t\t<\/div>\n\n\t\t\t\t<\/div>\n\t\t\t\t<\/div>\n\t\t\t\t\t<\/div>\n\t\t<\/div>\n\t\t\t\t<div class=\"elementor-column elementor-col-50 elementor-top-column elementor-element elementor-element-2e1f0e76\" data-id=\"2e1f0e76\" data-element_type=\"column\">\n\t\t\t<div class=\"elementor-widget-wrap elementor-element-populated\">\n\t\t\t\t\t\t\t\t<div class=\"elementor-element elementor-element-1171c18b elementor-widget elementor-widget-wd_image_or_svg\" data-id=\"1171c18b\" data-element_type=\"widget\" data-widget_type=\"wd_image_or_svg.default\">\n\t\t\t\t<div class=\"elementor-widget-container\">\n\t\t\t\n\t\t<div class=\"wd-image text-left\">\n\t\t\t\t\t\t\t\t<img loading=\"lazy\" decoding=\"async\" width=\"400\" height=\"600\" src=\"https:\/\/www.majed-ouali.tn\/wp-content\/uploads\/2024\/01\/Sans-titre-10.png\" class=\"attachment-full size-full wp-image-20876\" alt=\"\" srcset=\"https:\/\/www.majed-ouali.tn\/wp-content\/uploads\/2024\/01\/Sans-titre-10.png 400w, https:\/\/www.majed-ouali.tn\/wp-content\/uploads\/2024\/01\/Sans-titre-10-200x300.png 200w, https:\/\/www.majed-ouali.tn\/wp-content\/uploads\/2024\/01\/Sans-titre-10-150x225.png 150w\" sizes=\"auto, (max-width: 400px) 100vw, 400px\" \/>\t\t\t\t\t<\/div>\n\n\t\t\t\t<\/div>\n\t\t\t\t<\/div>\n\t\t\t\t\t<\/div>\n\t\t<\/div>\n\t\t\t\t\t\t\t<\/div>\n\t\t<\/section>\n\t\t\t\t\t<\/div>\n\t\t<\/div>\n\t\t\t\t<div class=\"elementor-column elementor-col-50 elementor-top-column elementor-element elementor-element-26fc45a9\" data-id=\"26fc45a9\" data-element_type=\"column\">\n\t\t\t<div class=\"elementor-widget-wrap elementor-element-populated\">\n\t\t\t\t\t\t\t\t<div class=\"elementor-element elementor-element-600c2491 elementor-widget elementor-widget-wd_image_or_svg\" data-id=\"600c2491\" data-element_type=\"widget\" data-widget_type=\"wd_image_or_svg.default\">\n\t\t\t\t<div class=\"elementor-widget-container\">\n\t\t\t\n\t\t<div class=\"wd-image text-center\">\n\t\t\t\t\t\t\t\t<img decoding=\"async\" src=\"https:\/\/www.majed-ouali.tn\/wp-content\/uploads\/elementor\/thumbs\/10000-qgu8pu7s4js5v62hluxlmnumd6zraykn9vv05i7toy.png\" title=\"10000\" alt=\"10000\" loading=\"lazy\" \/>\t\t\t\t\t<\/div>\n\n\t\t\t\t<\/div>\n\t\t\t\t<\/div>\n\t\t\t\t<div class=\"elementor-element elementor-element-346e1c6f elementor-widget elementor-widget-wd_text_block\" data-id=\"346e1c6f\" data-element_type=\"widget\" data-widget_type=\"wd_text_block.default\">\n\t\t\t\t<div class=\"elementor-widget-container\">\n\t\t\t\t\t<div class=\"wd-text-block reset-last-child text-center color-scheme-custom\">\n\t\t\t\n\t\t\t<p>Boubaker Ouali &amp; Sons Company<\/p>\n\t\t\t\t\t<\/div>\n\t\t\t\t<\/div>\n\t\t\t\t<\/div>\n\t\t\t\t<div class=\"elementor-element elementor-element-34350ff1 elementor-widget elementor-widget-wd_title\" data-id=\"34350ff1\" data-element_type=\"widget\" data-widget_type=\"wd_title.default\">\n\t\t\t\t<div class=\"elementor-widget-container\">\n\t\t\t\t\t<div class=\"title-wrapper set-mb-s reset-last-child wd-title-color-default wd-title-style-default wd-title-size-default text-center\">\n\n\t\t\t\n\t\t\t<div class=\"liner-continer\">\n\t\t\t\t<h4 class=\"woodmart-title-container title wd-fontsize-l\"><\/h4> \n\t\t\t\t\t\t\t<\/div>\n\n\t\t\t\t\t\t\t<div class=\"title-after_title set-cont-mb-s reset-last-child wd-fontsize-xs\">\n\t\t\t\t\t<p>Boubaker Ouali &amp; Sons company , also known under the brand name MAJED, is a limited liability company that was established in 2007 in the industrial zone of Agareb, Sfax. Founded by Mr. Boubaker Ouali in 1984, the company was established with the aim of designing, developing, and marketing a range of products under the MAJED brand. With over three decades of experience in the sector, MAJED has built a strong reputation as a manufacturer of quality school supplies. With a current capital of 900 thousand dinars, MAJED demonstrates its financial stability and its ability to invest in innovation and continuous improvement of its products.<\/p>\t\t\t\t<\/div>\n\t\t\t\t\t<\/div>\n\t\t\t\t<\/div>\n\t\t\t\t<\/div>\n\t\t\t\t\t<\/div>\n\t\t<\/div>\n\t\t\t\t\t\t\t<\/div>\n\t\t<\/section>\n\t\t\t\t<section class=\"wd-negative-gap elementor-section elementor-top-section elementor-element elementor-element-6aef2608 elementor-section-boxed elementor-section-height-default elementor-section-height-default wd-section-disabled\" data-id=\"6aef2608\" data-element_type=\"section\">\n\t\t\t\t\t\t<div class=\"elementor-container elementor-column-gap-extended\">\n\t\t\t\t\t<div class=\"elementor-column elementor-col-33 elementor-top-column elementor-element elementor-element-4ec9b3df\" data-id=\"4ec9b3df\" data-element_type=\"column\">\n\t\t\t<div class=\"elementor-widget-wrap elementor-element-populated\">\n\t\t\t\t\t\t\t\t<div class=\"elementor-element elementor-element-5f43a436 elementor-widget elementor-widget-wd_banner\" data-id=\"5f43a436\" data-element_type=\"widget\" data-widget_type=\"wd_banner.default\">\n\t\t\t\t<div class=\"elementor-widget-container\">\n\t\t\t\t\t<div class=\"promo-banner-wrapper\">\n\t\t\t<div class=\"promo-banner banner-content-background banner-hover-parallax color-scheme-dark banner-btn-size-small banner-btn-style-link\" >\n\t\t\t\t<div class=\"main-wrapp-img\">\n\t\t\t\t\t<div class=\"banner-image wd-without-height\">\n\t\t\t\t\t\t\t\t\t\t\t\t\t<img decoding=\"async\" src=\"https:\/\/www.majed-ouali.tn\/wp-content\/uploads\/2023\/09\/MISSION.png\" class=\"promo-banner-image\" alt=\"promo-banner-image\">\t\t\t\t\t\t\t\t\t\t\t<\/div>\n\t\t\t\t<\/div>\n\n\t\t\t\t<div class=\"wrapper-content-banner wd-fill wd-items-middle wd-justify-center\">\n\t\t\t\t\t<div class=\"content-banner  text-center\">\n\t\t\t\t\t\t\n\t\t\t\t\t\t\t\t\t\t\t\t\t<h1 class=\"banner-title wd-fontsize-l\" data-elementor-setting-key=\"title\">\n\t\t\t\t\t\t\t\tMISSION\t\t\t\t\t\t\t<\/h1>\n\t\t\t\t\t\t\n\t\t\t\t\t\t\t\t\t\t\t\t\t<div class=\"banner-inner set-cont-mb-s reset-last-child wd-fontsize-xs\" data-elementor-setting-key=\"content\">\n\t\t\t\t\t\t\t\t<p>\u00a0<\/p>\n<p><span style=\"font-size: 17px; letter-spacing: 0px;\">Boubaker Ouali et Fils has set out on a mission to provide superior quality school and office supplies under the brand MAJED, addressing diverse customer needs through innovation and exceptional customer service.<\/span><\/p>\n\t\t\t\t\t\t\t<\/div>\n\t\t\t\t\t\t\n\t\t\t\t\t\t\n\t\t\t\t\t\t\t\t\t\t\t<\/div>\n\t\t\t\t<\/div>\n\t\t\t<\/div>\n\t\t<\/div>\n\t\t\t\t<\/div>\n\t\t\t\t<\/div>\n\t\t\t\t\t<\/div>\n\t\t<\/div>\n\t\t\t\t<div class=\"elementor-column elementor-col-33 elementor-top-column elementor-element elementor-element-59444048\" data-id=\"59444048\" data-element_type=\"column\">\n\t\t\t<div class=\"elementor-widget-wrap elementor-element-populated\">\n\t\t\t\t\t\t\t\t<div class=\"elementor-element elementor-element-747a1f85 elementor-widget elementor-widget-wd_banner\" data-id=\"747a1f85\" data-element_type=\"widget\" data-widget_type=\"wd_banner.default\">\n\t\t\t\t<div class=\"elementor-widget-container\">\n\t\t\t\t\t<div class=\"promo-banner-wrapper\">\n\t\t\t<div class=\"promo-banner banner-content-background banner-hover-parallax color-scheme-dark banner-btn-size-small banner-btn-style-link\" >\n\t\t\t\t<div class=\"main-wrapp-img\">\n\t\t\t\t\t<div class=\"banner-image wd-without-height\">\n\t\t\t\t\t\t\t\t\t\t\t\t\t<img decoding=\"async\" src=\"https:\/\/www.majed-ouali.tn\/wp-content\/uploads\/2023\/09\/VISION.png\" class=\"promo-banner-image\" alt=\"promo-banner-image\">\t\t\t\t\t\t\t\t\t\t\t<\/div>\n\t\t\t\t<\/div>\n\n\t\t\t\t<div class=\"wrapper-content-banner wd-fill wd-items-middle wd-justify-center\">\n\t\t\t\t\t<div class=\"content-banner  text-center\">\n\t\t\t\t\t\t\n\t\t\t\t\t\t\t\t\t\t\t\t\t<h1 class=\"banner-title wd-fontsize-l\" data-elementor-setting-key=\"title\">\n\t\t\t\t\t\t\t\tVISION\t\t\t\t\t\t\t<\/h1>\n\t\t\t\t\t\t\n\t\t\t\t\t\t\t\t\t\t\t\t\t<div class=\"banner-inner set-cont-mb-s reset-last-child wd-fontsize-xs\" data-elementor-setting-key=\"content\">\n\t\t\t\t\t\t\t\t<p>\u00a0<\/p>\n<p>The vision of Boubaker Ouali et Fils is to become a respected leader in school and office supplies, fostering sustainable growth through the creation of innovative products and enhancing the productivity of its customers<\/p>\n\t\t\t\t\t\t\t<\/div>\n\t\t\t\t\t\t\n\t\t\t\t\t\t\n\t\t\t\t\t\t\t\t\t\t\t<\/div>\n\t\t\t\t<\/div>\n\t\t\t<\/div>\n\t\t<\/div>\n\t\t\t\t<\/div>\n\t\t\t\t<\/div>\n\t\t\t\t\t<\/div>\n\t\t<\/div>\n\t\t\t\t<div class=\"elementor-column elementor-col-33 elementor-top-column elementor-element elementor-element-57608f0a\" data-id=\"57608f0a\" data-element_type=\"column\">\n\t\t\t<div class=\"elementor-widget-wrap elementor-element-populated\">\n\t\t\t\t\t\t\t\t<div class=\"elementor-element elementor-element-696f6c6b elementor-widget elementor-widget-wd_banner\" data-id=\"696f6c6b\" data-element_type=\"widget\" data-widget_type=\"wd_banner.default\">\n\t\t\t\t<div class=\"elementor-widget-container\">\n\t\t\t\t\t<div class=\"promo-banner-wrapper\">\n\t\t\t<div class=\"promo-banner banner-content-background banner-hover-parallax color-scheme-dark banner-btn-size-small banner-btn-style-link\" >\n\t\t\t\t<div class=\"main-wrapp-img\">\n\t\t\t\t\t<div class=\"banner-image wd-without-height\">\n\t\t\t\t\t\t\t\t\t\t\t\t\t<img decoding=\"async\" src=\"https:\/\/www.majed-ouali.tn\/wp-content\/uploads\/2023\/09\/obj.png\" class=\"promo-banner-image\" alt=\"promo-banner-image\">\t\t\t\t\t\t\t\t\t\t\t<\/div>\n\t\t\t\t<\/div>\n\n\t\t\t\t<div class=\"wrapper-content-banner wd-fill wd-items-middle wd-justify-center\">\n\t\t\t\t\t<div class=\"content-banner  text-center\">\n\t\t\t\t\t\t\n\t\t\t\t\t\t\t\t\t\t\t\t\t<h1 class=\"banner-title wd-fontsize-l\" data-elementor-setting-key=\"title\">\n\t\t\t\t\t\t\t\tOBJECTIVES\t\t\t\t\t\t\t<\/h1>\n\t\t\t\t\t\t\n\t\t\t\t\t\t\t\t\t\t\t\t\t<div class=\"banner-inner set-cont-mb-s reset-last-child wd-fontsize-xs\" data-elementor-setting-key=\"content\">\n\t\t\t\t\t\t\t\t<p>\u00a0<\/p>\n<p>Boubaker Ouali et Fils \u0153uvre pour l'innovation, l'am\u00e9lioration op\u00e9rationnelle, l'expansion g\u00e9ographique, la collaboration strat\u00e9gique, un service client d'excellence et l'int\u00e9gration de pratiques durables.<\/p>\n\t\t\t\t\t\t\t<\/div>\n\t\t\t\t\t\t\n\t\t\t\t\t\t\n\t\t\t\t\t\t\t\t\t\t\t<\/div>\n\t\t\t\t<\/div>\n\t\t\t<\/div>\n\t\t<\/div>\n\t\t\t\t<\/div>\n\t\t\t\t<\/div>\n\t\t\t\t\t<\/div>\n\t\t<\/div>\n\t\t\t\t\t\t\t<\/div>\n\t\t<\/section>\n\t\t<div class=\"wd-negative-gap elementor-element elementor-element-42394c8 e-flex e-con-boxed wd-section-disabled e-con e-parent\" data-id=\"42394c8\" data-element_type=\"container\" data-settings=\"{&quot;content_width&quot;:&quot;boxed&quot;}\" data-core-v316-plus=\"true\">\n\t\t\t\t\t<div class=\"e-con-inner\">\n\t\t<div class=\"wd-negative-gap elementor-element elementor-element-5d02992 e-flex e-con-boxed wd-section-disabled e-con e-child\" data-id=\"5d02992\" data-element_type=\"container\" data-settings=\"{&quot;content_width&quot;:&quot;boxed&quot;}\">\n\t\t\t\t\t<div class=\"e-con-inner\">\n\t\t\t\t<div class=\"elementor-element elementor-element-7454c17 elementor-widget elementor-widget-wd_title\" data-id=\"7454c17\" data-element_type=\"widget\" data-widget_type=\"wd_title.default\">\n\t\t\t\t<div class=\"elementor-widget-container\">\n\t\t\t\t\t<div class=\"title-wrapper set-mb-s reset-last-child wd-title-color-black wd-title-style-simple wd-title-size-large text-center\">\n\n\t\t\t\n\t\t\t<div class=\"liner-continer\">\n\t\t\t\t<h1 class=\"woodmart-title-container title wd-fontsize-xxl\">OUR VALUES<\/h1> \n\t\t\t\t\t\t\t<\/div>\n\n\t\t\t\t\t<\/div>\n\t\t\t\t<\/div>\n\t\t\t\t<\/div>\n\t\t\t\t\t<\/div>\n\t\t\t\t<\/div>\n\t\t\t\t\t<\/div>\n\t\t\t\t<\/div>\n\t\t\t\t<section class=\"wd-negative-gap elementor-section elementor-top-section elementor-element elementor-element-1bf29945 elementor-section-boxed elementor-section-height-default elementor-section-height-default wd-section-disabled\" data-id=\"1bf29945\" data-element_type=\"section\">\n\t\t\t\t\t\t<div class=\"elementor-container elementor-column-gap-extended\">\n\t\t\t\t\t<div class=\"elementor-column elementor-col-20 elementor-top-column elementor-element elementor-element-a647669\" data-id=\"a647669\" data-element_type=\"column\">\n\t\t\t<div class=\"elementor-widget-wrap elementor-element-populated\">\n\t\t\t\t\t\t\t\t<div class=\"elementor-element elementor-element-594c06c0 elementor-widget elementor-widget-wd_image_or_svg\" data-id=\"594c06c0\" data-element_type=\"widget\" data-widget_type=\"wd_image_or_svg.default\">\n\t\t\t\t<div class=\"elementor-widget-container\">\n\t\t\t\n\t\t<div class=\"wd-image text-left photoswipe-images\">\n\t\t\t\t\t\t\t<a  href=\"https:\/\/www.majed-ouali.tn\/wp-content\/uploads\/2023\/09\/excellencez.png\"data-width=\"400\" data-height=\"400\" data-elementor-open-lightbox=\"no\">\n\t\t\t\t\t\t\t\t<img loading=\"lazy\" decoding=\"async\" width=\"400\" height=\"400\" src=\"https:\/\/www.majed-ouali.tn\/wp-content\/uploads\/2023\/09\/excellencez.png\" class=\"attachment-full size-full wp-image-16534\" alt=\"\" srcset=\"https:\/\/www.majed-ouali.tn\/wp-content\/uploads\/2023\/09\/excellencez.png 400w, https:\/\/www.majed-ouali.tn\/wp-content\/uploads\/2023\/09\/excellencez-150x150.png 150w, https:\/\/www.majed-ouali.tn\/wp-content\/uploads\/2023\/09\/excellencez-300x300.png 300w\" sizes=\"auto, (max-width: 400px) 100vw, 400px\" \/>\t\t\t\t\t\t\t<\/a>\n\t\t\t\t\t<\/div>\n\n\t\t\t\t<\/div>\n\t\t\t\t<\/div>\n\t\t\t\t<div class=\"elementor-element elementor-element-20dfca1d elementor-widget__width-initial elementor-widget elementor-widget-wd_title\" data-id=\"20dfca1d\" data-element_type=\"widget\" data-widget_type=\"wd_title.default\">\n\t\t\t\t<div class=\"elementor-widget-container\">\n\t\t\t\t\t<div class=\"title-wrapper set-mb-s reset-last-child wd-title-color-primary wd-title-style-default wd-title-size-default text-center\">\n\n\t\t\t\n\t\t\t<div class=\"liner-continer\">\n\t\t\t\t<h4 class=\"woodmart-title-container title wd-fontsize-l\">Excellence<\/h4> \n\t\t\t\t\t\t\t<\/div>\n\n\t\t\t\t\t\t\t<div class=\"title-after_title set-cont-mb-s reset-last-child wd-fontsize-xs\">\n\t\t\t\t\t<p>We aim for excellence in everything we undertake, consistently pursuing the highest standards of quality and performance<\/p>\t\t\t\t<\/div>\n\t\t\t\t\t<\/div>\n\t\t\t\t<\/div>\n\t\t\t\t<\/div>\n\t\t\t\t\t<\/div>\n\t\t<\/div>\n\t\t\t\t<div class=\"elementor-column elementor-col-20 elementor-top-column elementor-element elementor-element-5af53b3f\" data-id=\"5af53b3f\" data-element_type=\"column\">\n\t\t\t<div class=\"elementor-widget-wrap elementor-element-populated\">\n\t\t\t\t\t\t\t\t<div class=\"elementor-element elementor-element-76964864 elementor-widget__width-initial elementor-widget elementor-widget-wd_title\" data-id=\"76964864\" data-element_type=\"widget\" data-widget_type=\"wd_title.default\">\n\t\t\t\t<div class=\"elementor-widget-container\">\n\t\t\t\t\t<div class=\"title-wrapper set-mb-s reset-last-child wd-title-color-default wd-title-style-default wd-title-size-default text-center\">\n\n\t\t\t\n\t\t\t<div class=\"liner-continer\">\n\t\t\t\t<h4 class=\"woodmart-title-container title wd-fontsize-l\">Responsibility<\/h4> \n\t\t\t\t\t\t\t<\/div>\n\n\t\t\t\t\t\t\t<div class=\"title-after_title set-cont-mb-s reset-last-child wd-fontsize-xs\">\n\t\t\t\t\t<p>We take responsibility for our actions and their impacts, both environmentally and socially, constantly seeking ways to improve.<\/p>\t\t\t\t<\/div>\n\t\t\t\t\t<\/div>\n\t\t\t\t<\/div>\n\t\t\t\t<\/div>\n\t\t\t\t<div class=\"elementor-element elementor-element-3eda8fcd elementor-widget elementor-widget-wd_image_or_svg\" data-id=\"3eda8fcd\" data-element_type=\"widget\" data-widget_type=\"wd_image_or_svg.default\">\n\t\t\t\t<div class=\"elementor-widget-container\">\n\t\t\t\n\t\t<div class=\"wd-image text-left photoswipe-images\">\n\t\t\t\t\t\t\t<a  href=\"https:\/\/www.majed-ouali.tn\/wp-content\/uploads\/2023\/09\/respensabilite.png\"data-width=\"400\" data-height=\"400\" data-elementor-open-lightbox=\"no\">\n\t\t\t\t\t\t\t\t<img loading=\"lazy\" decoding=\"async\" width=\"400\" height=\"400\" src=\"https:\/\/www.majed-ouali.tn\/wp-content\/uploads\/2023\/09\/respensabilite.png\" class=\"attachment-full size-full wp-image-16536\" alt=\"\" srcset=\"https:\/\/www.majed-ouali.tn\/wp-content\/uploads\/2023\/09\/respensabilite.png 400w, https:\/\/www.majed-ouali.tn\/wp-content\/uploads\/2023\/09\/respensabilite-150x150.png 150w, https:\/\/www.majed-ouali.tn\/wp-content\/uploads\/2023\/09\/respensabilite-300x300.png 300w\" sizes=\"auto, (max-width: 400px) 100vw, 400px\" \/>\t\t\t\t\t\t\t<\/a>\n\t\t\t\t\t<\/div>\n\n\t\t\t\t<\/div>\n\t\t\t\t<\/div>\n\t\t\t\t\t<\/div>\n\t\t<\/div>\n\t\t\t\t<div class=\"elementor-column elementor-col-20 elementor-top-column elementor-element elementor-element-2f165c8f\" data-id=\"2f165c8f\" data-element_type=\"column\">\n\t\t\t<div class=\"elementor-widget-wrap elementor-element-populated\">\n\t\t\t\t\t\t\t\t<div class=\"elementor-element elementor-element-170d47d1 elementor-widget elementor-widget-wd_image_or_svg\" data-id=\"170d47d1\" data-element_type=\"widget\" data-widget_type=\"wd_image_or_svg.default\">\n\t\t\t\t<div class=\"elementor-widget-container\">\n\t\t\t\n\t\t<div class=\"wd-image text-left photoswipe-images\">\n\t\t\t\t\t\t\t<a  href=\"https:\/\/www.majed-ouali.tn\/wp-content\/uploads\/2023\/09\/engagement-social.png\"data-width=\"400\" data-height=\"400\" data-elementor-open-lightbox=\"no\">\n\t\t\t\t\t\t\t\t<img loading=\"lazy\" decoding=\"async\" width=\"400\" height=\"400\" src=\"https:\/\/www.majed-ouali.tn\/wp-content\/uploads\/2023\/09\/engagement-social.png\" class=\"attachment-full size-full wp-image-16533\" alt=\"\" srcset=\"https:\/\/www.majed-ouali.tn\/wp-content\/uploads\/2023\/09\/engagement-social.png 400w, https:\/\/www.majed-ouali.tn\/wp-content\/uploads\/2023\/09\/engagement-social-150x150.png 150w, https:\/\/www.majed-ouali.tn\/wp-content\/uploads\/2023\/09\/engagement-social-300x300.png 300w\" sizes=\"auto, (max-width: 400px) 100vw, 400px\" \/>\t\t\t\t\t\t\t<\/a>\n\t\t\t\t\t<\/div>\n\n\t\t\t\t<\/div>\n\t\t\t\t<\/div>\n\t\t\t\t<div class=\"elementor-element elementor-element-606915ec elementor-widget__width-initial elementor-widget elementor-widget-wd_title\" data-id=\"606915ec\" data-element_type=\"widget\" data-widget_type=\"wd_title.default\">\n\t\t\t\t<div class=\"elementor-widget-container\">\n\t\t\t\t\t<div class=\"title-wrapper set-mb-s reset-last-child wd-title-color-primary wd-title-style-default wd-title-size-default text-center\">\n\n\t\t\t\n\t\t\t<div class=\"liner-continer\">\n\t\t\t\t<h4 class=\"woodmart-title-container title wd-fontsize-l\">Social commitment<\/h4> \n\t\t\t\t\t\t\t<\/div>\n\n\t\t\t\t\t\t\t<div class=\"title-after_title set-cont-mb-s reset-last-child wd-fontsize-xs\">\n\t\t\t\t\t<p>We acknowledge our responsibility to society and are committed to making positive contributions through responsible social and environmental initiatives.<\/p>\t\t\t\t<\/div>\n\t\t\t\t\t<\/div>\n\t\t\t\t<\/div>\n\t\t\t\t<\/div>\n\t\t\t\t\t<\/div>\n\t\t<\/div>\n\t\t\t\t<div class=\"elementor-column elementor-col-20 elementor-top-column elementor-element elementor-element-1deb0f74\" data-id=\"1deb0f74\" data-element_type=\"column\">\n\t\t\t<div class=\"elementor-widget-wrap elementor-element-populated\">\n\t\t\t\t\t\t\t\t<div class=\"elementor-element elementor-element-78181a8b elementor-widget elementor-widget-wd_title\" data-id=\"78181a8b\" data-element_type=\"widget\" data-widget_type=\"wd_title.default\">\n\t\t\t\t<div class=\"elementor-widget-container\">\n\t\t\t\t\t<div class=\"title-wrapper set-mb-s reset-last-child wd-title-color-primary wd-title-style-default wd-title-size-default text-center\">\n\n\t\t\t\n\t\t\t<div class=\"liner-continer\">\n\t\t\t\t<h4 class=\"woodmart-title-container title wd-fontsize-l\">Innovation<\/h4> \n\t\t\t\t\t\t\t<\/div>\n\n\t\t\t\t\t\t\t<div class=\"title-after_title set-cont-mb-s reset-last-child wd-fontsize-xs\">\n\t\t\t\t\t<p>We encourage creativity and constantly strive to introduce new ideas and solutions to stay at the forefront of innovation.<\/p>\t\t\t\t<\/div>\n\t\t\t\t\t<\/div>\n\t\t\t\t<\/div>\n\t\t\t\t<\/div>\n\t\t\t\t<div class=\"elementor-element elementor-element-2e9c8a1a elementor-widget elementor-widget-wd_image_or_svg\" data-id=\"2e9c8a1a\" data-element_type=\"widget\" data-widget_type=\"wd_image_or_svg.default\">\n\t\t\t\t<div class=\"elementor-widget-container\">\n\t\t\t\n\t\t<div class=\"wd-image text-left photoswipe-images\">\n\t\t\t\t\t\t\t<a  href=\"https:\/\/www.majed-ouali.tn\/wp-content\/uploads\/2023\/09\/innovation.png\"data-width=\"400\" data-height=\"400\" data-elementor-open-lightbox=\"no\">\n\t\t\t\t\t\t\t\t<img loading=\"lazy\" decoding=\"async\" width=\"400\" height=\"400\" src=\"https:\/\/www.majed-ouali.tn\/wp-content\/uploads\/2023\/09\/innovation.png\" class=\"attachment-full size-full wp-image-16535\" alt=\"\" srcset=\"https:\/\/www.majed-ouali.tn\/wp-content\/uploads\/2023\/09\/innovation.png 400w, https:\/\/www.majed-ouali.tn\/wp-content\/uploads\/2023\/09\/innovation-150x150.png 150w, https:\/\/www.majed-ouali.tn\/wp-content\/uploads\/2023\/09\/innovation-300x300.png 300w\" sizes=\"auto, (max-width: 400px) 100vw, 400px\" \/>\t\t\t\t\t\t\t<\/a>\n\t\t\t\t\t<\/div>\n\n\t\t\t\t<\/div>\n\t\t\t\t<\/div>\n\t\t\t\t\t<\/div>\n\t\t<\/div>\n\t\t\t\t<div class=\"elementor-column elementor-col-20 elementor-top-column elementor-element elementor-element-8a9621d\" data-id=\"8a9621d\" data-element_type=\"column\">\n\t\t\t<div class=\"elementor-widget-wrap elementor-element-populated\">\n\t\t\t\t\t\t\t\t<div class=\"elementor-element elementor-element-2a73d9b elementor-widget elementor-widget-wd_image_or_svg\" data-id=\"2a73d9b\" data-element_type=\"widget\" data-widget_type=\"wd_image_or_svg.default\">\n\t\t\t\t<div class=\"elementor-widget-container\">\n\t\t\t\n\t\t<div class=\"wd-image text-left photoswipe-images\">\n\t\t\t\t\t\t\t<a  href=\"https:\/\/www.majed-ouali.tn\/wp-content\/uploads\/2023\/09\/integrite.png\"data-width=\"400\" data-height=\"400\" data-elementor-open-lightbox=\"no\">\n\t\t\t\t\t\t\t\t<img loading=\"lazy\" decoding=\"async\" width=\"400\" height=\"400\" src=\"https:\/\/www.majed-ouali.tn\/wp-content\/uploads\/2023\/09\/integrite.png\" class=\"attachment-full size-full wp-image-16537\" alt=\"\" srcset=\"https:\/\/www.majed-ouali.tn\/wp-content\/uploads\/2023\/09\/integrite.png 400w, https:\/\/www.majed-ouali.tn\/wp-content\/uploads\/2023\/09\/integrite-150x150.png 150w, https:\/\/www.majed-ouali.tn\/wp-content\/uploads\/2023\/09\/integrite-300x300.png 300w\" sizes=\"auto, (max-width: 400px) 100vw, 400px\" \/>\t\t\t\t\t\t\t<\/a>\n\t\t\t\t\t<\/div>\n\n\t\t\t\t<\/div>\n\t\t\t\t<\/div>\n\t\t\t\t<div class=\"elementor-element elementor-element-7d3e305 elementor-widget elementor-widget-wd_title\" data-id=\"7d3e305\" data-element_type=\"widget\" data-widget_type=\"wd_title.default\">\n\t\t\t\t<div class=\"elementor-widget-container\">\n\t\t\t\t\t<div class=\"title-wrapper set-mb-s reset-last-child wd-title-color-primary wd-title-style-default wd-title-size-default text-center\">\n\n\t\t\t\n\t\t\t<div class=\"liner-continer\">\n\t\t\t\t<h4 class=\"woodmart-title-container title wd-fontsize-l\">Integrity<\/h4> \n\t\t\t\t\t\t\t<\/div>\n\n\t\t\t\t\t\t\t<div class=\"title-after_title set-cont-mb-s reset-last-child wd-fontsize-xs\">\n\t\t\t\t\t<p>We act with honesty and ethics in all our interactions, treating our customers, partners, and employees with respect.<\/p>\t\t\t\t<\/div>\n\t\t\t\t\t<\/div>\n\t\t\t\t<\/div>\n\t\t\t\t<\/div>\n\t\t\t\t\t<\/div>\n\t\t<\/div>\n\t\t\t\t\t\t\t<\/div>\n\t\t<\/section>\n\t\t\t\t\t\t\t<\/div>\n\t\t","protected":false},"excerpt":{"rendered":"<p>Boubaker Ouali &amp; Sons Company &nbsp; Boubaker Ouali &amp; Sons company , also known under the brand name MAJED, is<\/p>\n","protected":false},"author":1,"featured_media":0,"parent":0,"menu_order":0,"comment_status":"closed","ping_status":"closed","template":"","meta":{"footnotes":""},"class_list":["post-17995","page","type-page","status-publish","hentry"],"_links":{"self":[{"href":"https:\/\/www.majed-ouali.tn\/en\/wp-json\/wp\/v2\/pages\/17995","targetHints":{"allow":["GET"]}}],"collection":[{"href":"https:\/\/www.majed-ouali.tn\/en\/wp-json\/wp\/v2\/pages"}],"about":[{"href":"https:\/\/www.majed-ouali.tn\/en\/wp-json\/wp\/v2\/types\/page"}],"author":[{"embeddable":true,"href":"https:\/\/www.majed-ouali.tn\/en\/wp-json\/wp\/v2\/users\/1"}],"replies":[{"embeddable":true,"href":"https:\/\/www.majed-ouali.tn\/en\/wp-json\/wp\/v2\/comments?post=17995"}],"version-history":[{"count":32,"href":"https:\/\/www.majed-ouali.tn\/en\/wp-json\/wp\/v2\/pages\/17995\/revisions"}],"predecessor-version":[{"id":20888,"href":"https:\/\/www.majed-ouali.tn\/en\/wp-json\/wp\/v2\/pages\/17995\/revisions\/20888"}],"wp:attachment":[{"href":"https:\/\/www.majed-ouali.tn\/en\/wp-json\/wp\/v2\/media?parent=17995"}],"curies":[{"name":"wp","href":"https:\/\/api.w.org\/{rel}","templated":true}]}}